{"id":89,"date":"2023-11-23T16:37:10","date_gmt":"2023-11-23T15:37:10","guid":{"rendered":"https:\/\/bardos.hu\/?page_id=89"},"modified":"2026-04-13T16:43:49","modified_gmt":"2026-04-13T14:43:49","slug":"kiemelt-teruletek","status":"publish","type":"page","link":"https:\/\/bardos.hu\/en\/kiemelt-teruletek\/","title":{"rendered":"Special fields"},"content":{"rendered":"<p>[et_pb_section fb_built=&#8221;1&#8243; admin_label=&#8221;Header&#8221; _builder_version=&#8221;4.23.1&#8243; _module_preset=&#8221;default&#8221; use_background_color_gradient=&#8221;on&#8221; background_color_gradient_stops=&#8221;rgba(133,115,100,0.1) 0%|rgba(133,115,100,0.1) 99%&#8221; background_color_gradient_overlays_image=&#8221;on&#8221; background_image=&#8221;https:\/\/bardos.hu\/wp-content\/uploads\/honlapjustitia_header2.webp&#8221; background_position=&#8221;bottom_center&#8221; background_enable_pattern_style=&#8221;on&#8221; background_pattern_style=&#8221;diagonal-stripes-2&#8243; background_pattern_size=&#8221;custom&#8221; background_pattern_width=&#8221;3px&#8221; background_pattern_height=&#8221;0px&#8221; custom_margin=&#8221;40px||||false|false&#8221; custom_padding=&#8221;50px||28px||false|&#8221; locked=&#8221;off&#8221; collapsed=&#8221;on&#8221; global_colors_info=&#8221;{%22gcid-9fa4a1b6-767d-41ca-984c-a6f10449c843%22:%91%22background_color_gradient_stops%22,%22background_color_gradient_stops%22,%22background_color_gradient_stops%22%93,%22gcid-2f3f3e09-0a26-4ea7-8906-5e1128945e3f%22:%91%22background_color_gradient_stops%22,%22background_color%22%93}&#8221;][et_pb_row _builder_version=&#8221;4.23.1&#8243; _module_preset=&#8221;default&#8221; custom_margin=&#8221;0px||||false|false&#8221; custom_margin_tablet=&#8221;20px||||false|false&#8221; custom_margin_phone=&#8221;20px||||false|false&#8221; custom_margin_last_edited=&#8221;on|desktop&#8221; global_colors_info=&#8221;{}&#8221;][et_pb_column type=&#8221;4_4&#8243; _builder_version=&#8221;4.20.0&#8243; _module_preset=&#8221;default&#8221; global_colors_info=&#8221;{}&#8221;][et_pb_image src=&#8221;https:\/\/bardos.hu\/wp-content\/uploads\/attorney-1-1.png&#8221; title_text=&#8221;attorney-1&#8243; _builder_version=&#8221;4.23.1&#8243; _module_preset=&#8221;default&#8221; max_width=&#8221;130px&#8221; module_alignment=&#8221;center&#8221; global_colors_info=&#8221;{}&#8221;][\/et_pb_image][et_pb_text _builder_version=&#8221;4.23.1&#8243; _module_preset=&#8221;ebe69f6b-7a09-4255-983e-013398324e6b&#8221; header_font=&#8221;Playfair Display||||||||&#8221; header_text_color=&#8221;#1e232b&#8221; header_font_size=&#8221;50px&#8221; header_line_height=&#8221;1.3em&#8221; text_orientation=&#8221;center&#8221; header_font_size_phone=&#8221;28px&#8221; locked=&#8221;off&#8221; global_colors_info=&#8221;{}&#8221;]<\/p>\n<h1>Kiemelt ter\u00fcletek<\/h1>\n<p>[\/et_pb_text][et_pb_text _builder_version=&#8221;4.27.6&#8243; _module_preset=&#8221;4b42677f-0331-4921-a59f-c20026093236&#8243; header_4_font=&#8221;Roboto|700||on|||||&#8221; header_4_text_align=&#8221;center&#8221; header_4_text_color=&#8221;#1e232b&#8221; header_4_font_size=&#8221;14px&#8221; header_4_letter_spacing=&#8221;0.5em&#8221; header_4_line_height=&#8221;1.4em&#8221; text_orientation=&#8221;center&#8221; custom_margin=&#8221;||10px||false|false&#8221; hover_enabled=&#8221;0&#8243; header_4_font_size_tablet=&#8221;&#8221; header_4_font_size_phone=&#8221;13px&#8221; header_4_font_size_last_edited=&#8221;on|desktop&#8221; locked=&#8221;off&#8221; global_colors_info=&#8221;{}&#8221; sticky_enabled=&#8221;0&#8243;]<\/p>\n<h4>Dr. B\u00e1rdos \u00e9s B\u00e1rdos \u00dcgyv\u00e9di Iroda<\/h4>\n<p>[\/et_pb_text][\/et_pb_column][\/et_pb_row][\/et_pb_section][et_pb_section fb_built=&#8221;1&#8243; custom_padding_last_edited=&#8221;on|desktop&#8221; admin_label=&#8221;Contact Info&#8221; _builder_version=&#8221;4.23.1&#8243; _module_preset=&#8221;default&#8221; background_color=&#8221;#dfdad3&#8243; use_background_color_gradient=&#8221;on&#8221; background_color_gradient_stops=&#8221;rgba(223,218,211,0.21) 0%|rgba(223,218,211,0.21) 99%&#8221; background_color_gradient_overlays_image=&#8221;on&#8221; background_image=&#8221;https:\/\/bardos.hu\/wp-content\/uploads\/bg01-2.png&#8221; background_size=&#8221;initial&#8221; background_repeat=&#8221;repeat&#8221; custom_padding=&#8221;0px||40px||false|false&#8221; custom_padding_tablet=&#8221;0px||40px||false|false&#8221; custom_padding_phone=&#8221;30px||30px||true|false&#8221; locked=&#8221;off&#8221; collapsed=&#8221;on&#8221; global_colors_info=&#8221;{%22gcid-2f3f3e09-0a26-4ea7-8906-5e1128945e3f%22:%91%22background_color_gradient_stops%22%93,%22gcid-9fa4a1b6-767d-41ca-984c-a6f10449c843%22:%91%22background_color_gradient_stops%22%93}&#8221;][et_pb_row _builder_version=&#8221;4.23.1&#8243; _module_preset=&#8221;default&#8221; custom_margin=&#8221;||0px||false|false&#8221; custom_padding=&#8221;10px|10px|0px|10px|false|true&#8221; border_color_all=&#8221;rgba(202,182,161,0.3)&#8221; global_colors_info=&#8221;{}&#8221;][et_pb_column type=&#8221;4_4&#8243; _builder_version=&#8221;4.23.1&#8243; _module_preset=&#8221;default&#8221; background_enable_image=&#8221;off&#8221; custom_padding=&#8221;60px|60px|60px|60px|true|true&#8221; custom_padding_tablet=&#8221;30px|40px|30px|40px|true|true&#8221; custom_padding_phone=&#8221;20px|30px|20px|30px|true|true&#8221; custom_padding_last_edited=&#8221;on|tablet&#8221; global_colors_info=&#8221;{}&#8221;][et_pb_text _builder_version=&#8221;4.23.4&#8243; _module_preset=&#8221;e74bd72a-1f48-4d46-8265-67eb21913a44&#8243; text_font=&#8221;Source Sans Pro|300|||||||&#8221; text_text_color=&#8221;#1e232b&#8221; text_font_size=&#8221;18px&#8221; text_line_height=&#8221;1.8em&#8221; text_orientation=&#8221;center&#8221; custom_margin=&#8221;0px||0px||false|false&#8221; custom_padding=&#8221;0px||0px||false|false&#8221; custom_padding_tablet=&#8221;0px|0px||0px|false|true&#8221; custom_padding_phone=&#8221;|0px||0px|false|true&#8221; custom_padding_last_edited=&#8221;off|desktop&#8221; locked=&#8221;off&#8221; global_colors_info=&#8221;{}&#8221;]<\/p>\n<p class=\"p1\" style=\"text-align: left;\">A polg\u00e1ri \u00e9s kereskedelmi jogon bel\u00fcl az Iroda az al\u00e1bbi ter\u00fcleteken rendelkezik a szok\u00e1sosn\u00e1l m\u00e9lyebb ismeretekkel \u00e9s tett szert nagy gyakorlatra:<\/p>\n<p>[\/et_pb_text][\/et_pb_column][\/et_pb_row][et_pb_row column_structure=&#8221;1_4,1_4,1_4,1_4&#8243; custom_padding_last_edited=&#8221;on|phone&#8221; _builder_version=&#8221;4.23.4&#8243; _module_preset=&#8221;default&#8221; custom_padding=&#8221;0px|||||&#8221; custom_padding_tablet=&#8221;0px|||||&#8221; custom_padding_phone=&#8221;30px||||false|false&#8221; locked=&#8221;off&#8221; global_colors_info=&#8221;{}&#8221;][et_pb_column type=&#8221;1_4&#8243; _builder_version=&#8221;4.20.0&#8243; _module_preset=&#8221;default&#8221; global_colors_info=&#8221;{}&#8221;][et_pb_image src=&#8221;https:\/\/bardos.hu\/wp-content\/uploads\/ikon111.png&#8221; title_text=&#8221;ikon111&#8243; align=&#8221;center&#8221; _builder_version=&#8221;4.23.1&#8243; _module_preset=&#8221;default&#8221; max_width=&#8221;100px&#8221; global_colors_info=&#8221;{}&#8221;][\/et_pb_image][et_pb_text _builder_version=&#8221;4.23.4&#8243; _module_preset=&#8221;a541f8e2-9958-4bb8-8073-9f44098434ed&#8221; header_5_font=&#8221;Source Sans Pro|||on|||||&#8221; header_5_font_size=&#8221;18px&#8221; header_5_line_height=&#8221;1.3em&#8221; text_orientation=&#8221;center&#8221; custom_margin=&#8221;||0px||false|false&#8221; custom_css_main_element=&#8221;  display: flex;||  justify-content: center;||  align-items: center;&#8221; global_colors_info=&#8221;{}&#8221;]<\/p>\n<h5>K\u00fclkereskedelmi<br \/>szerz\u0151d\u00e9sek<\/h5>\n<p>[\/et_pb_text][\/et_pb_column][et_pb_column type=&#8221;1_4&#8243; _builder_version=&#8221;4.20.0&#8243; _module_preset=&#8221;default&#8221; global_colors_info=&#8221;{}&#8221;][et_pb_image src=&#8221;https:\/\/bardos.hu\/wp-content\/uploads\/ikon_delivery.png&#8221; title_text=&#8221;ikon_delivery&#8221; align=&#8221;center&#8221; _builder_version=&#8221;4.23.1&#8243; _module_preset=&#8221;default&#8221; max_width=&#8221;100px&#8221; global_colors_info=&#8221;{}&#8221;][\/et_pb_image][et_pb_text _builder_version=&#8221;4.23.1&#8243; _module_preset=&#8221;a541f8e2-9958-4bb8-8073-9f44098434ed&#8221; header_5_font=&#8221;Source Sans Pro|||on|||||&#8221; header_5_font_size=&#8221;18px&#8221; header_5_line_height=&#8221;1.3em&#8221; text_orientation=&#8221;center&#8221; custom_margin=&#8221;||0px||false|false&#8221; custom_css_main_element=&#8221;  display: flex;||  justify-content: center;||  align-items: center;&#8221; global_colors_info=&#8221;{}&#8221;]<\/p>\n<h5>belf\u00f6ldi \u00e9s nemzetk\u00f6zi<br \/>\nsz\u00e1ll\u00edtm\u00e1nyoz\u00e1s<br \/>\n\u00e9s fuvaroz\u00e1s<\/h5>\n<p>[\/et_pb_text][\/et_pb_column][et_pb_column type=&#8221;1_4&#8243; _builder_version=&#8221;4.20.0&#8243; _module_preset=&#8221;default&#8221; global_colors_info=&#8221;{}&#8221;][et_pb_image src=&#8221;https:\/\/bardos.hu\/wp-content\/uploads\/ikon_penz.png&#8221; title_text=&#8221;ikon_penz&#8221; align=&#8221;center&#8221; _builder_version=&#8221;4.23.1&#8243; _module_preset=&#8221;default&#8221; max_width=&#8221;100px&#8221; global_colors_info=&#8221;{}&#8221;][\/et_pb_image][et_pb_text _builder_version=&#8221;4.23.1&#8243; _module_preset=&#8221;a541f8e2-9958-4bb8-8073-9f44098434ed&#8221; header_5_font=&#8221;Source Sans Pro|||on|||||&#8221; header_5_font_size=&#8221;18px&#8221; header_5_line_height=&#8221;1.3em&#8221; text_orientation=&#8221;center&#8221; custom_margin=&#8221;||0px||false|false&#8221; custom_css_main_element=&#8221;  display: flex;||  justify-content: center;||  align-items: center;&#8221; global_colors_info=&#8221;{}&#8221;]<\/p>\n<h5 style=\"text-align: center;\">k\u00e1rt\u00e9r\u00edt\u00e9si jog<\/h5>\n<p>[\/et_pb_text][\/et_pb_column][et_pb_column type=&#8221;1_4&#8243; _builder_version=&#8221;4.20.0&#8243; _module_preset=&#8221;default&#8221; global_colors_info=&#8221;{}&#8221;][et_pb_image src=&#8221;https:\/\/bardos.hu\/wp-content\/uploads\/ikon-serelemdij.png&#8221; title_text=&#8221;ikon-serelemdij&#8221; align=&#8221;center&#8221; _builder_version=&#8221;4.23.1&#8243; _module_preset=&#8221;default&#8221; max_width=&#8221;100px&#8221; global_colors_info=&#8221;{}&#8221;][\/et_pb_image][et_pb_text _builder_version=&#8221;4.23.1&#8243; _module_preset=&#8221;a541f8e2-9958-4bb8-8073-9f44098434ed&#8221; header_5_font=&#8221;Source Sans Pro|||on|||||&#8221; header_5_font_size=&#8221;18px&#8221; header_5_line_height=&#8221;1.3em&#8221; text_orientation=&#8221;center&#8221; custom_margin=&#8221;||0px||false|false&#8221; custom_css_main_element=&#8221;  display: flex;||  justify-content: center;||  align-items: center;&#8221; global_colors_info=&#8221;{}&#8221;]<\/p>\n<h5>S\u00e9relemd\u00edj<\/h5>\n<p>[\/et_pb_text][\/et_pb_column][\/et_pb_row][et_pb_row column_structure=&#8221;1_4,1_4,1_4,1_4&#8243; _builder_version=&#8221;4.23.1&#8243; _module_preset=&#8221;default&#8221; custom_padding=&#8221;0px||||false|false&#8221; locked=&#8221;off&#8221; global_colors_info=&#8221;{}&#8221;][et_pb_column type=&#8221;1_4&#8243; _builder_version=&#8221;4.20.0&#8243; _module_preset=&#8221;default&#8221; global_colors_info=&#8221;{}&#8221;][et_pb_image src=&#8221;https:\/\/bardos.hu\/wp-content\/uploads\/ikon_ingatlan.png&#8221; title_text=&#8221;ikon_ingatlan&#8221; align=&#8221;center&#8221; _builder_version=&#8221;4.23.1&#8243; _module_preset=&#8221;default&#8221; max_width=&#8221;100px&#8221; global_colors_info=&#8221;{}&#8221;][\/et_pb_image][et_pb_text _builder_version=&#8221;4.23.1&#8243; _module_preset=&#8221;a541f8e2-9958-4bb8-8073-9f44098434ed&#8221; header_5_font=&#8221;Source Sans Pro|||on|||||&#8221; header_5_font_size=&#8221;18px&#8221; header_5_line_height=&#8221;1.3em&#8221; text_orientation=&#8221;center&#8221; custom_margin=&#8221;||0px||false|false&#8221; custom_css_main_element=&#8221;  display: flex;||  justify-content: center;||  align-items: center;&#8221; global_colors_info=&#8221;{}&#8221;]<\/p>\n<h5>Ingatlanjog<\/h5>\n<p>[\/et_pb_text][\/et_pb_column][et_pb_column type=&#8221;1_4&#8243; _builder_version=&#8221;4.20.0&#8243; _module_preset=&#8221;default&#8221; global_colors_info=&#8221;{}&#8221;][et_pb_image src=&#8221;https:\/\/bardos.hu\/wp-content\/uploads\/ikon_sport2.png&#8221; title_text=&#8221;ikon_sport2&#8243; align=&#8221;center&#8221; _builder_version=&#8221;4.23.1&#8243; _module_preset=&#8221;default&#8221; max_width=&#8221;100px&#8221; global_colors_info=&#8221;{}&#8221;][\/et_pb_image][et_pb_text _builder_version=&#8221;4.23.1&#8243; _module_preset=&#8221;a541f8e2-9958-4bb8-8073-9f44098434ed&#8221; header_5_font=&#8221;Source Sans Pro|||on|||||&#8221; header_5_font_size=&#8221;18px&#8221; header_5_line_height=&#8221;1.3em&#8221; text_orientation=&#8221;center&#8221; custom_margin=&#8221;||0px||false|false&#8221; custom_css_main_element=&#8221;  display: flex;||  justify-content: center;||  align-items: center;&#8221; global_colors_info=&#8221;{}&#8221;]<\/p>\n<h5>Sportjog<\/h5>\n<p>[\/et_pb_text][\/et_pb_column][et_pb_column type=&#8221;1_4&#8243; _builder_version=&#8221;4.20.0&#8243; _module_preset=&#8221;default&#8221; global_colors_info=&#8221;{}&#8221;][et_pb_image src=&#8221;https:\/\/bardos.hu\/wp-content\/uploads\/ikon_behajtas.png&#8221; title_text=&#8221;ikon_behajtas&#8221; align=&#8221;center&#8221; _builder_version=&#8221;4.23.1&#8243; _module_preset=&#8221;default&#8221; max_width=&#8221;100px&#8221; global_colors_info=&#8221;{}&#8221;][\/et_pb_image][et_pb_text _builder_version=&#8221;4.23.1&#8243; _module_preset=&#8221;a541f8e2-9958-4bb8-8073-9f44098434ed&#8221; header_5_font=&#8221;Source Sans Pro|||on|||||&#8221; header_5_font_size=&#8221;18px&#8221; header_5_line_height=&#8221;1.3em&#8221; text_orientation=&#8221;center&#8221; custom_margin=&#8221;||0px||false|false&#8221; custom_css_main_element=&#8221;  display: flex;||  justify-content: center;||  align-items: center;&#8221; global_colors_info=&#8221;{}&#8221;]<\/p>\n<h5 style=\"text-align: center;\">k\u00f6vetel\u00e9sek behajt\u00e1sa<\/h5>\n<p>[\/et_pb_text][\/et_pb_column][et_pb_column type=&#8221;1_4&#8243; _builder_version=&#8221;4.20.0&#8243; _module_preset=&#8221;default&#8221; global_colors_info=&#8221;{}&#8221;][et_pb_image src=&#8221;https:\/\/bardos.hu\/wp-content\/uploads\/ikon_cegjog3.png&#8221; title_text=&#8221;ikon_cegjog3&#8243; align=&#8221;center&#8221; _builder_version=&#8221;4.23.1&#8243; _module_preset=&#8221;default&#8221; max_width=&#8221;100px&#8221; global_colors_info=&#8221;{}&#8221;][\/et_pb_image][et_pb_text _builder_version=&#8221;4.23.1&#8243; _module_preset=&#8221;a541f8e2-9958-4bb8-8073-9f44098434ed&#8221; header_5_font=&#8221;Source Sans Pro|||on|||||&#8221; header_5_font_size=&#8221;18px&#8221; header_5_line_height=&#8221;1.3em&#8221; text_orientation=&#8221;center&#8221; custom_margin=&#8221;||0px||false|false&#8221; custom_css_main_element=&#8221;  display: flex;||  justify-content: center;||  align-items: center;&#8221; global_colors_info=&#8221;{}&#8221;]<\/p>\n<h5>C\u00e9gjog<\/h5>\n<p>[\/et_pb_text][\/et_pb_column][\/et_pb_row][\/et_pb_section]<\/p>\n","protected":false},"excerpt":{"rendered":"<p>Kiemelt ter\u00fcletekDr. B\u00e1rdos \u00e9s B\u00e1rdos \u00dcgyv\u00e9di IrodaA polg\u00e1ri \u00e9s kereskedelmi jogon bel\u00fcl az Iroda az al\u00e1bbi ter\u00fcleteken rendelkezik a szok\u00e1sosn\u00e1l m\u00e9lyebb ismeretekkel \u00e9s tett szert nagy gyakorlatra:K\u00fclkereskedelmiszerz\u0151d\u00e9sekbelf\u00f6ldi \u00e9s nemzetk\u00f6zi sz\u00e1ll\u00edtm\u00e1nyoz\u00e1s \u00e9s fuvaroz\u00e1sk\u00e1rt\u00e9r\u00edt\u00e9si jogS\u00e9relemd\u00edjIngatlanjogSportjogk\u00f6vetel\u00e9sek behajt\u00e1saC\u00e9gjog<\/p>","protected":false},"author":1,"featured_media":0,"parent":0,"menu_order":0,"comment_status":"closed","ping_status":"closed","template":"","meta":{"_et_pb_use_builder":"on","_et_pb_old_content":"","_et_gb_content_width":"","footnotes":""},"class_list":["post-89","page","type-page","status-publish","hentry"],"yoast_head":"<!-- This site is optimized with the Yoast SEO plugin v27.3 - https:\/\/yoast.com\/product\/yoast-seo-wordpress\/ -->\n<title>Kiemelt ter\u00fcletek - Dr. B\u00e1rdos \u00e9s B\u00e1rdos \u00dcgyv\u00e9di Iroda<\/title>\n<meta name=\"robots\" content=\"index, follow, max-snippet:-1, max-image-preview:large, max-video-preview:-1\" \/>\n<link rel=\"canonical\" href=\"https:\/\/bardos.hu\/en\/kiemelt-teruletek\/\" \/>\n<meta property=\"og:locale\" content=\"en_GB\" \/>\n<meta property=\"og:type\" content=\"article\" \/>\n<meta property=\"og:title\" content=\"Kiemelt ter\u00fcletek - Dr. B\u00e1rdos \u00e9s B\u00e1rdos \u00dcgyv\u00e9di Iroda\" \/>\n<meta property=\"og:description\" content=\"Kiemelt ter\u00fcletekDr. B\u00e1rdos \u00e9s B\u00e1rdos \u00dcgyv\u00e9di IrodaA polg\u00e1ri \u00e9s kereskedelmi jogon bel\u00fcl az Iroda az al\u00e1bbi ter\u00fcleteken rendelkezik a szok\u00e1sosn\u00e1l m\u00e9lyebb ismeretekkel \u00e9s tett szert nagy gyakorlatra:K\u00fclkereskedelmiszerz\u0151d\u00e9sekbelf\u00f6ldi \u00e9s nemzetk\u00f6zi sz\u00e1ll\u00edtm\u00e1nyoz\u00e1s \u00e9s fuvaroz\u00e1sk\u00e1rt\u00e9r\u00edt\u00e9si jogS\u00e9relemd\u00edjIngatlanjogSportjogk\u00f6vetel\u00e9sek behajt\u00e1saC\u00e9gjog\" \/>\n<meta property=\"og:url\" content=\"https:\/\/bardos.hu\/en\/kiemelt-teruletek\/\" \/>\n<meta property=\"og:site_name\" content=\"Dr. B\u00e1rdos \u00e9s B\u00e1rdos \u00dcgyv\u00e9di Iroda\" \/>\n<meta property=\"article:modified_time\" content=\"2026-04-13T14:43:49+00:00\" \/>\n<meta property=\"og:image\" content=\"https:\/\/bardos.hu\/wp-content\/uploads\/drbardoswebsite.webp\" \/>\n\t<meta property=\"og:image:width\" content=\"1200\" \/>\n\t<meta property=\"og:image:height\" content=\"675\" \/>\n\t<meta property=\"og:image:type\" content=\"image\/webp\" \/>\n<meta name=\"twitter:card\" content=\"summary_large_image\" \/>\n<meta name=\"twitter:label1\" content=\"Estimated reading time\" \/>\n\t<meta name=\"twitter:data1\" content=\"8 minutes\" \/>\n<script type=\"application\/ld+json\" class=\"yoast-schema-graph\">{\"@context\":\"https:\\\/\\\/schema.org\",\"@graph\":[{\"@type\":\"WebPage\",\"@id\":\"https:\\\/\\\/bardos.hu\\\/kiemelt-teruletek\\\/\",\"url\":\"https:\\\/\\\/bardos.hu\\\/kiemelt-teruletek\\\/\",\"name\":\"Kiemelt ter\u00fcletek - Dr. B\u00e1rdos \u00e9s B\u00e1rdos \u00dcgyv\u00e9di Iroda\",\"isPartOf\":{\"@id\":\"https:\\\/\\\/bardos.hu\\\/#website\"},\"datePublished\":\"2023-11-23T15:37:10+00:00\",\"dateModified\":\"2026-04-13T14:43:49+00:00\",\"breadcrumb\":{\"@id\":\"https:\\\/\\\/bardos.hu\\\/kiemelt-teruletek\\\/#breadcrumb\"},\"inLanguage\":\"en-GB\",\"potentialAction\":[{\"@type\":\"ReadAction\",\"target\":[\"https:\\\/\\\/bardos.hu\\\/kiemelt-teruletek\\\/\"]}]},{\"@type\":\"BreadcrumbList\",\"@id\":\"https:\\\/\\\/bardos.hu\\\/kiemelt-teruletek\\\/#breadcrumb\",\"itemListElement\":[{\"@type\":\"ListItem\",\"position\":1,\"name\":\"Kezd\u0151lap\",\"item\":\"https:\\\/\\\/bardos.hu\\\/\"},{\"@type\":\"ListItem\",\"position\":2,\"name\":\"Kiemelt ter\u00fcletek\"}]},{\"@type\":\"WebSite\",\"@id\":\"https:\\\/\\\/bardos.hu\\\/#website\",\"url\":\"https:\\\/\\\/bardos.hu\\\/\",\"name\":\"Dr. B\u00e1rdos \u00e9s B\u00e1rdos \u00dcgyv\u00e9di Iroda\",\"description\":\"Az iroda tev\u00e9kenys\u00e9ge a polg\u00e1ri jog \u00e9s a kereskedelmi jog teljes ter\u00fclet\u00e9t \u00e1tfogja.\",\"publisher\":{\"@id\":\"https:\\\/\\\/bardos.hu\\\/#organization\"},\"potentialAction\":[{\"@type\":\"SearchAction\",\"target\":{\"@type\":\"EntryPoint\",\"urlTemplate\":\"https:\\\/\\\/bardos.hu\\\/?s={search_term_string}\"},\"query-input\":{\"@type\":\"PropertyValueSpecification\",\"valueRequired\":true,\"valueName\":\"search_term_string\"}}],\"inLanguage\":\"en-GB\"},{\"@type\":\"Organization\",\"@id\":\"https:\\\/\\\/bardos.hu\\\/#organization\",\"name\":\"Dr. B\u00e1rdos P\u00e9ter \u00dcgyv\u00e9di Iroda\",\"url\":\"https:\\\/\\\/bardos.hu\\\/\",\"logo\":{\"@type\":\"ImageObject\",\"inLanguage\":\"en-GB\",\"@id\":\"https:\\\/\\\/bardos.hu\\\/#\\\/schema\\\/logo\\\/image\\\/\",\"url\":\"https:\\\/\\\/bardos.hu\\\/wp-content\\\/uploads\\\/bardoslogo_.png\",\"contentUrl\":\"https:\\\/\\\/bardos.hu\\\/wp-content\\\/uploads\\\/bardoslogo_.png\",\"width\":605,\"height\":336,\"caption\":\"Dr. B\u00e1rdos P\u00e9ter \u00dcgyv\u00e9di Iroda\"},\"image\":{\"@id\":\"https:\\\/\\\/bardos.hu\\\/#\\\/schema\\\/logo\\\/image\\\/\"}}]}<\/script>\n<!-- \/ Yoast SEO plugin. -->","yoast_head_json":{"title":"Kiemelt ter\u00fcletek - Dr. B\u00e1rdos \u00e9s B\u00e1rdos \u00dcgyv\u00e9di Iroda","robots":{"index":"index","follow":"follow","max-snippet":"max-snippet:-1","max-image-preview":"max-image-preview:large","max-video-preview":"max-video-preview:-1"},"canonical":"https:\/\/bardos.hu\/en\/kiemelt-teruletek\/","og_locale":"en_GB","og_type":"article","og_title":"Kiemelt ter\u00fcletek - Dr. B\u00e1rdos \u00e9s B\u00e1rdos \u00dcgyv\u00e9di Iroda","og_description":"Kiemelt ter\u00fcletekDr. B\u00e1rdos \u00e9s B\u00e1rdos \u00dcgyv\u00e9di IrodaA polg\u00e1ri \u00e9s kereskedelmi jogon bel\u00fcl az Iroda az al\u00e1bbi ter\u00fcleteken rendelkezik a szok\u00e1sosn\u00e1l m\u00e9lyebb ismeretekkel \u00e9s tett szert nagy gyakorlatra:K\u00fclkereskedelmiszerz\u0151d\u00e9sekbelf\u00f6ldi \u00e9s nemzetk\u00f6zi sz\u00e1ll\u00edtm\u00e1nyoz\u00e1s \u00e9s fuvaroz\u00e1sk\u00e1rt\u00e9r\u00edt\u00e9si jogS\u00e9relemd\u00edjIngatlanjogSportjogk\u00f6vetel\u00e9sek behajt\u00e1saC\u00e9gjog","og_url":"https:\/\/bardos.hu\/en\/kiemelt-teruletek\/","og_site_name":"Dr. B\u00e1rdos \u00e9s B\u00e1rdos \u00dcgyv\u00e9di Iroda","article_modified_time":"2026-04-13T14:43:49+00:00","og_image":[{"width":1200,"height":675,"url":"https:\/\/bardos.hu\/wp-content\/uploads\/drbardoswebsite.webp","type":"image\/webp"}],"twitter_card":"summary_large_image","twitter_misc":{"Estimated reading time":"8 minutes"},"schema":{"@context":"https:\/\/schema.org","@graph":[{"@type":"WebPage","@id":"https:\/\/bardos.hu\/kiemelt-teruletek\/","url":"https:\/\/bardos.hu\/kiemelt-teruletek\/","name":"Kiemelt ter\u00fcletek - Dr. B\u00e1rdos \u00e9s B\u00e1rdos \u00dcgyv\u00e9di Iroda","isPartOf":{"@id":"https:\/\/bardos.hu\/#website"},"datePublished":"2023-11-23T15:37:10+00:00","dateModified":"2026-04-13T14:43:49+00:00","breadcrumb":{"@id":"https:\/\/bardos.hu\/kiemelt-teruletek\/#breadcrumb"},"inLanguage":"en-GB","potentialAction":[{"@type":"ReadAction","target":["https:\/\/bardos.hu\/kiemelt-teruletek\/"]}]},{"@type":"BreadcrumbList","@id":"https:\/\/bardos.hu\/kiemelt-teruletek\/#breadcrumb","itemListElement":[{"@type":"ListItem","position":1,"name":"Kezd\u0151lap","item":"https:\/\/bardos.hu\/"},{"@type":"ListItem","position":2,"name":"Kiemelt ter\u00fcletek"}]},{"@type":"WebSite","@id":"https:\/\/bardos.hu\/#website","url":"https:\/\/bardos.hu\/","name":"Dr. B\u00e1rdos \u00e9s B\u00e1rdos \u00dcgyv\u00e9di Iroda","description":"Az iroda tev\u00e9kenys\u00e9ge a polg\u00e1ri jog \u00e9s a kereskedelmi jog teljes ter\u00fclet\u00e9t \u00e1tfogja.","publisher":{"@id":"https:\/\/bardos.hu\/#organization"},"potentialAction":[{"@type":"SearchAction","target":{"@type":"EntryPoint","urlTemplate":"https:\/\/bardos.hu\/?s={search_term_string}"},"query-input":{"@type":"PropertyValueSpecification","valueRequired":true,"valueName":"search_term_string"}}],"inLanguage":"en-GB"},{"@type":"Organization","@id":"https:\/\/bardos.hu\/#organization","name":"Dr. P\u00e9ter B\u00e1rdos Law Office","url":"https:\/\/bardos.hu\/","logo":{"@type":"ImageObject","inLanguage":"en-GB","@id":"https:\/\/bardos.hu\/#\/schema\/logo\/image\/","url":"https:\/\/bardos.hu\/wp-content\/uploads\/bardoslogo_.png","contentUrl":"https:\/\/bardos.hu\/wp-content\/uploads\/bardoslogo_.png","width":605,"height":336,"caption":"Dr. B\u00e1rdos P\u00e9ter \u00dcgyv\u00e9di Iroda"},"image":{"@id":"https:\/\/bardos.hu\/#\/schema\/logo\/image\/"}}]}},"_links":{"self":[{"href":"https:\/\/bardos.hu\/en\/wp-json\/wp\/v2\/pages\/89","targetHints":{"allow":["GET"]}}],"collection":[{"href":"https:\/\/bardos.hu\/en\/wp-json\/wp\/v2\/pages"}],"about":[{"href":"https:\/\/bardos.hu\/en\/wp-json\/wp\/v2\/types\/page"}],"author":[{"embeddable":true,"href":"https:\/\/bardos.hu\/en\/wp-json\/wp\/v2\/users\/1"}],"replies":[{"embeddable":true,"href":"https:\/\/bardos.hu\/en\/wp-json\/wp\/v2\/comments?post=89"}],"version-history":[{"count":32,"href":"https:\/\/bardos.hu\/en\/wp-json\/wp\/v2\/pages\/89\/revisions"}],"predecessor-version":[{"id":606,"href":"https:\/\/bardos.hu\/en\/wp-json\/wp\/v2\/pages\/89\/revisions\/606"}],"wp:attachment":[{"href":"https:\/\/bardos.hu\/en\/wp-json\/wp\/v2\/media?parent=89"}],"curies":[{"name":"wp","href":"https:\/\/api.w.org\/{rel}","templated":true}]}}