{"id":95,"date":"2023-11-23T16:37:43","date_gmt":"2023-11-23T15:37:43","guid":{"rendered":"https:\/\/bardos.hu\/?page_id=95"},"modified":"2026-04-13T16:45:48","modified_gmt":"2026-04-13T14:45:48","slug":"publikaciok","status":"publish","type":"page","link":"https:\/\/bardos.hu\/en\/publikaciok\/","title":{"rendered":"Publications"},"content":{"rendered":"<p>[et_pb_section fb_built=&#8221;1&#8243; admin_label=&#8221;Header&#8221; _builder_version=&#8221;4.23.1&#8243; _module_preset=&#8221;default&#8221; use_background_color_gradient=&#8221;on&#8221; background_color_gradient_stops=&#8221;rgba(31,35,44,0.7) 0%|#1e232b 100%&#8221; background_color_gradient_overlays_image=&#8221;on&#8221; background_image=&#8221;https:\/\/bardos.hu\/wp-content\/uploads\/honlapjustitia_header2.webp&#8221; background_position=&#8221;bottom_center&#8221; background_enable_pattern_style=&#8221;on&#8221; background_pattern_style=&#8221;diagonal-stripes-2&#8243; background_pattern_size=&#8221;custom&#8221; background_pattern_width=&#8221;3px&#8221; background_pattern_height=&#8221;0px&#8221; custom_margin=&#8221;40px||||false|false&#8221; custom_padding=&#8221;50px||28px||false|&#8221; locked=&#8221;off&#8221; collapsed=&#8221;on&#8221; global_colors_info=&#8221;{%22gcid-9fa4a1b6-767d-41ca-984c-a6f10449c843%22:%91%22background_color_gradient_stops%22,%22background_color_gradient_stops%22,%22background_color_gradient_stops%22%93,%22gcid-2f3f3e09-0a26-4ea7-8906-5e1128945e3f%22:%91%22background_color_gradient_stops%22,%22background_color%22%93}&#8221;][et_pb_row _builder_version=&#8221;4.20.0&#8243; _module_preset=&#8221;default&#8221; custom_margin=&#8221;0px||||false|false&#8221; custom_margin_tablet=&#8221;20px||||false|false&#8221; custom_margin_phone=&#8221;20px||||false|false&#8221; custom_margin_last_edited=&#8221;on|desktop&#8221; global_colors_info=&#8221;{}&#8221;][et_pb_column type=&#8221;4_4&#8243; _builder_version=&#8221;4.20.0&#8243; _module_preset=&#8221;default&#8221; global_colors_info=&#8221;{}&#8221;][et_pb_image src=&#8221;https:\/\/bardos.hu\/wp-content\/uploads\/attorney-1-1.png&#8221; title_text=&#8221;attorney-1&#8243; _builder_version=&#8221;4.23.1&#8243; _module_preset=&#8221;default&#8221; max_width=&#8221;130px&#8221; module_alignment=&#8221;center&#8221; global_colors_info=&#8221;{}&#8221;][\/et_pb_image][et_pb_text _builder_version=&#8221;4.23.1&#8243; _module_preset=&#8221;ebe69f6b-7a09-4255-983e-013398324e6b&#8221; header_font=&#8221;Playfair Display||||||||&#8221; header_text_color=&#8221;#FFFFFF&#8221; header_font_size=&#8221;50px&#8221; header_line_height=&#8221;1.3em&#8221; text_orientation=&#8221;center&#8221; header_font_size_tablet=&#8221;50px&#8221; header_font_size_phone=&#8221;32px&#8221; header_font_size_last_edited=&#8221;on|tablet&#8221; locked=&#8221;off&#8221; global_colors_info=&#8221;{}&#8221;]<\/p>\n<h1>Publik\u00e1ci\u00f3k<\/h1>\n<p>[\/et_pb_text][et_pb_text content_tablet=&#8221;<\/p>\n<h4><span style=%22color: #bea88f;%22>Dr. B\u00e1rdos<\/span> P\u00e9ter<br \/>\u00dcgyv\u00e9di iroda<\/h4>\n<p>&#8221; content_phone=&#8221;<\/p>\n<h4><span style=%22color: #bea88f;%22>Dr. B\u00e1rdos<\/span> P\u00e9ter<br \/>\u00dcgyv\u00e9di iroda<\/h4>\n<p>&#8221; content_last_edited=&#8221;on|tablet&#8221; _builder_version=&#8221;4.27.6&#8243; _module_preset=&#8221;4b42677f-0331-4921-a59f-c20026093236&#8243; header_4_font=&#8221;Roboto|700||on|||||&#8221; header_4_text_color=&#8221;#FFFFFF&#8221; header_4_font_size=&#8221;14px&#8221; header_4_letter_spacing=&#8221;0.5em&#8221; header_4_line_height=&#8221;1.5em&#8221; text_orientation=&#8221;center&#8221; custom_margin=&#8221;||10px||false|false&#8221; hover_enabled=&#8221;0&#8243; header_4_font_size_tablet=&#8221;&#8221; header_4_font_size_phone=&#8221;13px&#8221; header_4_font_size_last_edited=&#8221;on|desktop&#8221; locked=&#8221;off&#8221; global_colors_info=&#8221;{}&#8221; sticky_enabled=&#8221;0&#8243;]<\/p>\n<h4><span style=\"color: #bea88f;\">Dr. B\u00e1rdos \u00e9s B\u00e1rdos<\/span><br \/>\n\u00dcgyv\u00e9di Iroda<\/h4>\n<p>[\/et_pb_text][\/et_pb_column][\/et_pb_row][\/et_pb_section][et_pb_section fb_built=&#8221;1&#8243; custom_padding_last_edited=&#8221;on|phone&#8221; admin_label=&#8221;Contact Info&#8221; _builder_version=&#8221;4.23.1&#8243; _module_preset=&#8221;default&#8221; background_color=&#8221;#1e232b&#8221; background_enable_image=&#8221;off&#8221; background_size=&#8221;initial&#8221; background_repeat=&#8221;repeat&#8221; custom_margin=&#8221;-1px||||false|false&#8221; custom_padding=&#8221;0px||0px||false|false&#8221; custom_padding_tablet=&#8221;30px||||false|false&#8221; custom_padding_phone=&#8221;30px||0px||false|false&#8221; locked=&#8221;off&#8221; collapsed=&#8221;on&#8221; global_colors_info=&#8221;{%22gcid-2f3f3e09-0a26-4ea7-8906-5e1128945e3f%22:%91%22background_color_gradient_stops%22%93,%22gcid-9fa4a1b6-767d-41ca-984c-a6f10449c843%22:%91%22background_color_gradient_stops%22%93}&#8221;][et_pb_row custom_padding_last_edited=&#8221;on|desktop&#8221; _builder_version=&#8221;4.23.1&#8243; _module_preset=&#8221;default&#8221; custom_margin=&#8221;||||false|false&#8221; custom_padding=&#8221;0px|40px|0px|40px|true|true&#8221; custom_padding_tablet=&#8221;|0px||0px|true|true&#8221; custom_padding_phone=&#8221;0px|0px|0px|0px|true|true&#8221; border_color_all=&#8221;rgba(202,182,161,0.3)&#8221; global_colors_info=&#8221;{}&#8221;][et_pb_column type=&#8221;4_4&#8243; _builder_version=&#8221;4.23.1&#8243; _module_preset=&#8221;default&#8221; background_enable_image=&#8221;off&#8221; custom_padding=&#8221;60px|60px|60px|60px|true|true&#8221; custom_padding_tablet=&#8221;30px|40px|30px|40px|true|true&#8221; custom_padding_phone=&#8221;20px|30px|20px|30px|true|true&#8221; custom_padding_last_edited=&#8221;on|tablet&#8221; global_colors_info=&#8221;{}&#8221;][et_pb_text _builder_version=&#8221;4.23.1&#8243; _module_preset=&#8221;default&#8221; text_text_color=&#8221;#b5b5b5&#8243; header_3_font=&#8221;Playfair Display||||||||&#8221; header_3_text_color=&#8221;#bea88f&#8221; global_colors_info=&#8221;{}&#8221;]<\/p>\n<h3 class=\"p1\"><b>K\u00f6nyvek<\/b><\/h3>\n<ul class=\"ul1\">\n<li class=\"li2\"><span class=\"s1\"><\/span>Bevezet\u00e9s a jogi kibernetik\u00e1ba (t\u00e1rsszerz\u0151: dr.B\u00e1rdos P\u00e9tern\u00e9 &#8211; K\u00f6zgazdas\u00e1gi \u00e9s Jogi K\u00f6nyvkiad\u00f3 1981.)<\/li>\n<li class=\"li2\"><span class=\"s1\"><\/span>Angol-amerikai jogi nyelv (t\u00e1rsszerz\u0151k: Mag.Franz Heidinger, Andrea Hubalek HVG-ORAC 1996.)<\/li>\n<li class=\"li2\"><span class=\"s1\"><\/span>Angol-amerikai jogi nyelv. M\u00e1sodik \u00e1tdolgozott \u00e9s b\u0151v\u00edtett kiad\u00e1s (t\u00e1rsszerz\u0151k: dr.B\u00e1rdos Rita, Mag.Franz Heidinger, Andrea Hubalek HVG-ORAC 1998.)<\/li>\n<li class=\"li2\"><span class=\"s1\"><\/span>K\u00e1rfelel\u0151ss\u00e9g a Ptk. rendszer\u00e9ben (HVG-ORAC 2001.)<\/li>\n<li class=\"li2\"><span class=\"s1\"><\/span>C\u00e9galap\u00edt\u00e1s, befektet\u00e9s az Eur\u00f3pai Uni\u00f3ban (t\u00e1rsszerz\u0151: Dr.Gabriel Lansky, HVG-ORAC 2004.)<\/li>\n<li class=\"li2\"><span class=\"s1\"><\/span>N\u00e9met osztr\u00e1k jogi nyelv (t\u00e1rsszerz\u0151k: Dr.B\u00e1rdos Rita, Dr.Kathrin H\u00f6fer, HVG-ORAC 2004.)<\/li>\n<li class=\"li2\"><span class=\"s1\"><\/span>Kereskedelmi jog (t\u00e1rsszerz\u0151: Dr. Menyh\u00e1rd Attila, HVG-ORAC 2008.)<\/li>\n<li class=\"li2\"><span class=\"s1\"><\/span>Bevezet\u00e9s a kereskedelmi jogba (HVG-ORAC 2015.)<\/li>\n<li class=\"li2\">A fuvaroz\u00f3 felel\u0151ss\u00e9ge (HVG \u2013 ORAC Budapest 2020.)<\/li>\n<\/ul>\n<h3 class=\"p1\"><b><\/b><\/h3>\n<h3 class=\"p1\"><b><\/b><\/h3>\n<h3 class=\"p1\"><b><\/b><\/h3>\n<h3 class=\"p1\"><b>Tanulm\u00e1nyok<\/b><\/h3>\n<div id=\":1wk\" class=\"Ar Au Ao\">\n<ul>\n<li id=\":1wo\" class=\"Am aiL Al editable LW-avf tS-tW tS-tY\" hidefocus=\"true\" aria-label=\"\u00dczenet t\u00f6rzse\" g_editable=\"true\" role=\"textbox\" aria-multiline=\"true\" contenteditable=\"true\" spellcheck=\"false\" aria-owns=\":2cq\" aria-controls=\":2cq\" aria-expanded=\"false\" tabindex=\"1\">A kock\u00e1zatn\u00f6veked\u00e9s n\u00e9h\u00e1ny k\u00e9rd\u00e9se a nyugatn\u00e9met gyakorlatban Biztos\u00edt\u00f3k (Biztos\u00edt\u00e1si<br \/>Szemle Budapest, 1969\/7)\n<div><\/div>\n<\/li>\n<li class=\"Am aiL Al editable LW-avf tS-tW tS-tY\" hidefocus=\"true\" aria-label=\"\u00dczenet t\u00f6rzse\" g_editable=\"true\" role=\"textbox\" aria-multiline=\"true\" contenteditable=\"true\" spellcheck=\"false\" aria-owns=\":2cq\" aria-controls=\":2cq\" aria-expanded=\"false\" tabindex=\"1\">\n<div>Garanci\u00e1lis kock\u00e1zat a felel\u0151ss\u00e9gbiztos\u00edt\u00e1sban mag\u00e1nszem\u00e9lyeknek (Biztos\u00edt\u00e1si Szemle<br \/>Budapest 1970\/5)<\/div>\n<div><\/div>\n<\/li>\n<li class=\"Am aiL Al editable LW-avf tS-tW tS-tY\" hidefocus=\"true\" aria-label=\"\u00dczenet t\u00f6rzse\" g_editable=\"true\" role=\"textbox\" aria-multiline=\"true\" contenteditable=\"true\" spellcheck=\"false\" aria-owns=\":2cq\" aria-controls=\":2cq\" aria-expanded=\"false\" tabindex=\"1\">\n<div>Biztos\u00edt\u00e1si szerz\u0151d\u00e9sek s\u00falyos gondatlans\u00e1ga (Magyar Jog Budapest, 1971\/11-12)<\/div>\n<\/li>\n<li class=\"Am aiL Al editable LW-avf tS-tW tS-tY\" hidefocus=\"true\" aria-label=\"\u00dczenet t\u00f6rzse\" g_editable=\"true\" role=\"textbox\" aria-multiline=\"true\" contenteditable=\"true\" spellcheck=\"false\" aria-owns=\":2cq\" aria-controls=\":2cq\" aria-expanded=\"false\" tabindex=\"1\">\n<div>A biztos\u00edt\u00f3k t\u00f6rv\u00e9ny szerinti engedm\u00e9nyez\u00e9s\u00e9nek n\u00e9h\u00e1ny probl\u00e9m\u00e1ja (biztos\u00edt\u00e1si biztos\u00edt\u00e1s)<br \/>Szemle Budapest, 1972\/9)<\/div>\n<\/li>\n<li class=\"Am aiL Al editable LW-avf tS-tW tS-tY\" hidefocus=\"true\" aria-label=\"\u00dczenet t\u00f6rzse\" g_editable=\"true\" role=\"textbox\" aria-multiline=\"true\" contenteditable=\"true\" spellcheck=\"false\" aria-owns=\":2cq\" aria-controls=\":2cq\" aria-expanded=\"false\" tabindex=\"1\">\n<div>A sz\u00e1ll\u00edtm\u00e1nyoz\u00f3 felel\u0151ss\u00e9g\u00e9nek n\u00e9h\u00e1ny probl\u00e9m\u00e1ja a Nemzetk\u00f6zi Sz\u00e1ll\u00edtm\u00e1nyoz\u00e1s (Biztos\u00edt\u00e1si<br \/>Szemle Budapest,1974\/3)<\/div>\n<\/li>\n<li class=\"Am aiL Al editable LW-avf tS-tW tS-tY\" hidefocus=\"true\" aria-label=\"\u00dczenet t\u00f6rzse\" g_editable=\"true\" role=\"textbox\" aria-multiline=\"true\" contenteditable=\"true\" spellcheck=\"false\" aria-owns=\":2cq\" aria-controls=\":2cq\" aria-expanded=\"false\" tabindex=\"1\">\n<div>A kibernetikus m\u00f3dszerek n\u00e9h\u00e1ny f\u0151 probl\u00e9m\u00e1ja a megold\u00e1shoz Jogi probl\u00e9m\u00e1k (t\u00e1rsszerz\u0151 dr. B\u00e1rdos P\u00e9tern\u00e9 -Jogtudom\u00e1nyi K\u00f6zl\u00f6ny Budapest, 1974\/239-245)<\/div>\n<\/li>\n<li class=\"Am aiL Al editable LW-avf tS-tW tS-tY\" hidefocus=\"true\" aria-label=\"\u00dczenet t\u00f6rzse\" g_editable=\"true\" role=\"textbox\" aria-multiline=\"true\" contenteditable=\"true\" spellcheck=\"false\" aria-owns=\":2cq\" aria-controls=\":2cq\" aria-expanded=\"false\" tabindex=\"1\">\n<div>Jogi probl\u00e9m\u00e1k jogi \u00e9s kibernetikus elemz\u00e9se Cybernetic Methods (t\u00e1rsszerz\u0151 dr. B\u00e1rdos P\u00e9tern\u00e9 &#8211; Jogtudom\u00e1nyi K\u00f6z\u00f6ny Budapest,1975\/9-30)<\/div>\n<\/li>\n<li class=\"Am aiL Al editable LW-avf tS-tW tS-tY\" hidefocus=\"true\" aria-label=\"\u00dczenet t\u00f6rzse\" g_editable=\"true\" role=\"textbox\" aria-multiline=\"true\" contenteditable=\"true\" spellcheck=\"false\" aria-owns=\":2cq\" aria-controls=\":2cq\" aria-expanded=\"false\" tabindex=\"1\">\n<div>A gondolkod\u00e1s szerkezete a jogi probl\u00e9m\u00e1k megold\u00e1s\u00e1ban (Jogtudom\u00e1nyi K\u00f6zl\u00f6ny Budapest,<br \/>1975\/63-82)<\/div>\n<\/li>\n<li class=\"Am aiL Al editable LW-avf tS-tW tS-tY\" hidefocus=\"true\" aria-label=\"\u00dczenet t\u00f6rzse\" g_editable=\"true\" role=\"textbox\" aria-multiline=\"true\" contenteditable=\"true\" spellcheck=\"false\" aria-owns=\":2cq\" aria-controls=\":2cq\" aria-expanded=\"false\" tabindex=\"1\">\n<div>D\u00f6nt\u00e9si t\u00e1bl\u00e1zatok alkalmaz\u00e1sa jogi probl\u00e9m\u00e1k elemz\u00e9s\u00e9re (t\u00e1rsszerz\u0151 dr. B\u00e1rdos P\u00e9tern\u00e9,<br \/>\u00dcgyvitel \u00e9s Szervez\u00e9s az \u00c1llamigazgat\u00e1sban, Budapest, 1975\/2)<\/div>\n<\/li>\n<li class=\"Am aiL Al editable LW-avf tS-tW tS-tY\" hidefocus=\"true\" aria-label=\"\u00dczenet t\u00f6rzse\" g_editable=\"true\" role=\"textbox\" aria-multiline=\"true\" contenteditable=\"true\" spellcheck=\"false\" aria-owns=\":2cq\" aria-controls=\":2cq\" aria-expanded=\"false\" tabindex=\"1\">\n<div>Einige theoretische Probleme von f\u00fcr L\u00f6sung von Rechtsf\u00e4llen angewandten kybernetischen<br \/>Methoden (t\u00e1rsszerz\u0151 dr. B\u00e1rdos P\u00e9tern\u00e9, Forscung aus Staat und Recht, Springer Verlag 1978)<\/div>\n<\/li>\n<li class=\"Am aiL Al editable LW-avf tS-tW tS-tY\" hidefocus=\"true\" aria-label=\"\u00dczenet t\u00f6rzse\" g_editable=\"true\" role=\"textbox\" aria-multiline=\"true\" contenteditable=\"true\" spellcheck=\"false\" aria-owns=\":2cq\" aria-controls=\":2cq\" aria-expanded=\"false\" tabindex=\"1\">\n<div>K\u00eds\u00e9rlet jogi esetek elemz\u00e9s\u00e9re matematikai eszk\u00f6z\u00f6kkel M\u00f3dszerek. A gyermekgondoz\u00e1si d\u00edj<br \/>meghat\u00e1roz\u00e1sa tanul\u00e1ssal Algorithmus (t\u00e1rsszerz\u0151k, dr. B\u00e1rdos P\u00e9tern\u00e9, Guly\u00e1s Ott\u00f3,<br \/>Jogtudom\u00e1nyi K\u00f6zl\u00f6ny Budapest, 1979\/5)<\/div>\n<\/li>\n<li class=\"Am aiL Al editable LW-avf tS-tW tS-tY\" hidefocus=\"true\" aria-label=\"\u00dczenet t\u00f6rzse\" g_editable=\"true\" role=\"textbox\" aria-multiline=\"true\" contenteditable=\"true\" spellcheck=\"false\" aria-owns=\":2cq\" aria-controls=\":2cq\" aria-expanded=\"false\" tabindex=\"1\">\n<div>A megold\u00e1shoz alkalmazott kibernetikus m\u00f3dszerek f\u0151 alapja Jogi probl\u00e9m\u00e1k (t\u00e1rsszerz\u0151 dr.<br \/>B\u00e1rdos P\u00e9tern\u00e9, Jogtudom\u00e1nyi K\u00f6zl\u00f6ny Budapest,1975\/5)<\/div>\n<\/li>\n<li class=\"Am aiL Al editable LW-avf tS-tW tS-tY\" hidefocus=\"true\" aria-label=\"\u00dczenet t\u00f6rzse\" g_editable=\"true\" role=\"textbox\" aria-multiline=\"true\" contenteditable=\"true\" spellcheck=\"false\" aria-owns=\":2cq\" aria-controls=\":2cq\" aria-expanded=\"false\" tabindex=\"1\">\n<div>Jog \u00e9s logika egym\u00e1srautalts\u00e1ga (Budapest, 1981\/10)<\/div>\n<\/li>\n<li class=\"Am aiL Al editable LW-avf tS-tW tS-tY\" hidefocus=\"true\" aria-label=\"\u00dczenet t\u00f6rzse\" g_editable=\"true\" role=\"textbox\" aria-multiline=\"true\" contenteditable=\"true\" spellcheck=\"false\" aria-owns=\":2cq\" aria-controls=\":2cq\" aria-expanded=\"false\" tabindex=\"1\">\n<div>Megjegyz\u00e9sek a jogm\u00f3dszertanhoz (Jogtudom\u00e1nyi K\u00f6zl\u00f6ny Budapest, 1988\/5)<\/div>\n<\/li>\n<li class=\"Am aiL Al editable LW-avf tS-tW tS-tY\" hidefocus=\"true\" aria-label=\"\u00dczenet t\u00f6rzse\" g_editable=\"true\" role=\"textbox\" aria-multiline=\"true\" contenteditable=\"true\" spellcheck=\"false\" aria-owns=\":2cq\" aria-controls=\":2cq\" aria-expanded=\"false\" tabindex=\"1\">\n<div>A Gazdas\u00e1g \u00e9s Jog f\u0151bb probl\u00e9m\u00e1i Budapest, 1993\/1)<\/div>\n<\/li>\n<li class=\"Am aiL Al editable LW-avf tS-tW tS-tY\" hidefocus=\"true\" aria-label=\"\u00dczenet t\u00f6rzse\" g_editable=\"true\" role=\"textbox\" aria-multiline=\"true\" contenteditable=\"true\" spellcheck=\"false\" aria-owns=\":2cq\" aria-controls=\":2cq\" aria-expanded=\"false\" tabindex=\"1\">\n<div>A kereskedelmi jog alapelveir\u0151l (Gazdas\u00e1g \u00e9s Jog Budapest, 1996\/9)<\/div>\n<\/li>\n<li class=\"Am aiL Al editable LW-avf tS-tW tS-tY\" hidefocus=\"true\" aria-label=\"\u00dczenet t\u00f6rzse\" g_editable=\"true\" role=\"textbox\" aria-multiline=\"true\" contenteditable=\"true\" spellcheck=\"false\" aria-owns=\":2cq\" aria-controls=\":2cq\" aria-expanded=\"false\" tabindex=\"1\">\n<div>Megjegyz\u00e9sek a f\u0151v\u00e1rosnak a javaslat k\u00e1rt\u00e9r\u00edt\u00e9si felel\u0151ss\u00e9g\u00e9r\u0151l (Polg\u00e1ri jogi kodifik\u00e1ci\u00f3 2002\/5-6)<\/div>\n<\/li>\n<li class=\"Am aiL Al editable LW-avf tS-tW tS-tY\" hidefocus=\"true\" aria-label=\"\u00dczenet t\u00f6rzse\" g_editable=\"true\" role=\"textbox\" aria-multiline=\"true\" contenteditable=\"true\" spellcheck=\"false\" aria-owns=\":2cq\" aria-controls=\":2cq\" aria-expanded=\"false\" tabindex=\"1\">\n<div>Gazdas\u00e1gi \u00e9s Jog Renesz\u00e1nsz (Gazdas\u00e1g \u00e9s Jog 2006\/8)<\/div>\n<\/li>\n<li class=\"Am aiL Al editable LW-avf tS-tW tS-tY\" hidefocus=\"true\" aria-label=\"\u00dczenet t\u00f6rzse\" g_editable=\"true\" role=\"textbox\" aria-multiline=\"true\" contenteditable=\"true\" spellcheck=\"false\" aria-owns=\":2cq\" aria-controls=\":2cq\" aria-expanded=\"false\" tabindex=\"1\">\n<div>Az eur\u00f3pai jog hat\u00e1sa a magyar polg\u00e1ri jogra (K\u00f6zl\u00f6ny 2006\/9)<\/div>\n<\/li>\n<li class=\"Am aiL Al editable LW-avf tS-tW tS-tY\" hidefocus=\"true\" aria-label=\"\u00dczenet t\u00f6rzse\" g_editable=\"true\" role=\"textbox\" aria-multiline=\"true\" contenteditable=\"true\" spellcheck=\"false\" aria-owns=\":2cq\" aria-controls=\":2cq\" aria-expanded=\"false\" tabindex=\"1\">\n<div>A k\u00fclf\u00f6ldiek \u00fczleti tev\u00e9kenys\u00e9g\u00e9nek jogi felt\u00e9telei Magyarorsz\u00e1g (Gazdas\u00e1g \u00e9s Jog 2008\/12)<\/div>\n<\/li>\n<\/ul>\n<\/div>\n<p>[\/et_pb_text][\/et_pb_column][\/et_pb_row][\/et_pb_section]<\/p>\n","protected":false},"excerpt":{"rendered":"<p>Publik\u00e1ci\u00f3kDr. B\u00e1rdos \u00e9s B\u00e1rdos \u00dcgyv\u00e9di IrodaK\u00f6nyvek Bevezet\u00e9s a jogi kibernetik\u00e1ba (t\u00e1rsszerz\u0151: dr.B\u00e1rdos P\u00e9tern\u00e9 &#8211; K\u00f6zgazdas\u00e1gi \u00e9s Jogi K\u00f6nyvkiad\u00f3 1981.) Angol-amerikai jogi nyelv (t\u00e1rsszerz\u0151k: Mag.Franz Heidinger, Andrea Hubalek HVG-ORAC 1996.) Angol-amerikai jogi nyelv. M\u00e1sodik \u00e1tdolgozott \u00e9s b\u0151v\u00edtett kiad\u00e1s (t\u00e1rsszerz\u0151k: dr.B\u00e1rdos Rita, Mag.Franz Heidinger, Andrea Hubalek HVG-ORAC 1998.) K\u00e1rfelel\u0151ss\u00e9g a Ptk. rendszer\u00e9ben (HVG-ORAC 2001.) C\u00e9galap\u00edt\u00e1s, befektet\u00e9s az [&hellip;]<\/p>\n","protected":false},"author":1,"featured_media":0,"parent":0,"menu_order":0,"comment_status":"closed","ping_status":"closed","template":"","meta":{"_et_pb_use_builder":"on","_et_pb_old_content":"","_et_gb_content_width":"","footnotes":""},"class_list":["post-95","page","type-page","status-publish","hentry"],"yoast_head":"<!-- This site is optimized with the Yoast SEO plugin v27.3 - https:\/\/yoast.com\/product\/yoast-seo-wordpress\/ -->\n<title>Publik\u00e1ci\u00f3k - Dr. B\u00e1rdos \u00e9s B\u00e1rdos \u00dcgyv\u00e9di Iroda<\/title>\n<meta name=\"robots\" content=\"index, follow, max-snippet:-1, max-image-preview:large, max-video-preview:-1\" \/>\n<link rel=\"canonical\" href=\"https:\/\/bardos.hu\/en\/publikaciok\/\" \/>\n<meta property=\"og:locale\" content=\"en_GB\" \/>\n<meta property=\"og:type\" content=\"article\" \/>\n<meta property=\"og:title\" content=\"Publik\u00e1ci\u00f3k - Dr. B\u00e1rdos \u00e9s B\u00e1rdos \u00dcgyv\u00e9di Iroda\" \/>\n<meta property=\"og:description\" content=\"Publik\u00e1ci\u00f3kDr. B\u00e1rdos \u00e9s B\u00e1rdos \u00dcgyv\u00e9di IrodaK\u00f6nyvek Bevezet\u00e9s a jogi kibernetik\u00e1ba (t\u00e1rsszerz\u0151: dr.B\u00e1rdos P\u00e9tern\u00e9 - K\u00f6zgazdas\u00e1gi \u00e9s Jogi K\u00f6nyvkiad\u00f3 1981.) Angol-amerikai jogi nyelv (t\u00e1rsszerz\u0151k: Mag.Franz Heidinger, Andrea Hubalek HVG-ORAC 1996.) Angol-amerikai jogi nyelv. M\u00e1sodik \u00e1tdolgozott \u00e9s b\u0151v\u00edtett kiad\u00e1s (t\u00e1rsszerz\u0151k: dr.B\u00e1rdos Rita, Mag.Franz Heidinger, Andrea Hubalek HVG-ORAC 1998.) K\u00e1rfelel\u0151ss\u00e9g a Ptk. rendszer\u00e9ben (HVG-ORAC 2001.) C\u00e9galap\u00edt\u00e1s, befektet\u00e9s az [&hellip;]\" \/>\n<meta property=\"og:url\" content=\"https:\/\/bardos.hu\/en\/publikaciok\/\" \/>\n<meta property=\"og:site_name\" content=\"Dr. B\u00e1rdos \u00e9s B\u00e1rdos \u00dcgyv\u00e9di Iroda\" \/>\n<meta property=\"article:modified_time\" content=\"2026-04-13T14:45:48+00:00\" \/>\n<meta property=\"og:image\" content=\"https:\/\/bardos.hu\/wp-content\/uploads\/drbardoswebsite.webp\" \/>\n\t<meta property=\"og:image:width\" content=\"1200\" \/>\n\t<meta property=\"og:image:height\" content=\"675\" \/>\n\t<meta property=\"og:image:type\" content=\"image\/webp\" \/>\n<meta name=\"twitter:card\" content=\"summary_large_image\" \/>\n<meta name=\"twitter:label1\" content=\"Estimated reading time\" \/>\n\t<meta name=\"twitter:data1\" content=\"6 minutes\" \/>\n<script type=\"application\/ld+json\" class=\"yoast-schema-graph\">{\"@context\":\"https:\\\/\\\/schema.org\",\"@graph\":[{\"@type\":\"WebPage\",\"@id\":\"https:\\\/\\\/bardos.hu\\\/publikaciok\\\/\",\"url\":\"https:\\\/\\\/bardos.hu\\\/publikaciok\\\/\",\"name\":\"Publik\u00e1ci\u00f3k - Dr. B\u00e1rdos \u00e9s B\u00e1rdos \u00dcgyv\u00e9di Iroda\",\"isPartOf\":{\"@id\":\"https:\\\/\\\/bardos.hu\\\/#website\"},\"datePublished\":\"2023-11-23T15:37:43+00:00\",\"dateModified\":\"2026-04-13T14:45:48+00:00\",\"breadcrumb\":{\"@id\":\"https:\\\/\\\/bardos.hu\\\/publikaciok\\\/#breadcrumb\"},\"inLanguage\":\"en-GB\",\"potentialAction\":[{\"@type\":\"ReadAction\",\"target\":[\"https:\\\/\\\/bardos.hu\\\/publikaciok\\\/\"]}]},{\"@type\":\"BreadcrumbList\",\"@id\":\"https:\\\/\\\/bardos.hu\\\/publikaciok\\\/#breadcrumb\",\"itemListElement\":[{\"@type\":\"ListItem\",\"position\":1,\"name\":\"Kezd\u0151lap\",\"item\":\"https:\\\/\\\/bardos.hu\\\/\"},{\"@type\":\"ListItem\",\"position\":2,\"name\":\"Publik\u00e1ci\u00f3k\"}]},{\"@type\":\"WebSite\",\"@id\":\"https:\\\/\\\/bardos.hu\\\/#website\",\"url\":\"https:\\\/\\\/bardos.hu\\\/\",\"name\":\"Dr. B\u00e1rdos \u00e9s B\u00e1rdos \u00dcgyv\u00e9di Iroda\",\"description\":\"Az iroda tev\u00e9kenys\u00e9ge a polg\u00e1ri jog \u00e9s a kereskedelmi jog teljes ter\u00fclet\u00e9t \u00e1tfogja.\",\"publisher\":{\"@id\":\"https:\\\/\\\/bardos.hu\\\/#organization\"},\"potentialAction\":[{\"@type\":\"SearchAction\",\"target\":{\"@type\":\"EntryPoint\",\"urlTemplate\":\"https:\\\/\\\/bardos.hu\\\/?s={search_term_string}\"},\"query-input\":{\"@type\":\"PropertyValueSpecification\",\"valueRequired\":true,\"valueName\":\"search_term_string\"}}],\"inLanguage\":\"en-GB\"},{\"@type\":\"Organization\",\"@id\":\"https:\\\/\\\/bardos.hu\\\/#organization\",\"name\":\"Dr. B\u00e1rdos P\u00e9ter \u00dcgyv\u00e9di Iroda\",\"url\":\"https:\\\/\\\/bardos.hu\\\/\",\"logo\":{\"@type\":\"ImageObject\",\"inLanguage\":\"en-GB\",\"@id\":\"https:\\\/\\\/bardos.hu\\\/#\\\/schema\\\/logo\\\/image\\\/\",\"url\":\"https:\\\/\\\/bardos.hu\\\/wp-content\\\/uploads\\\/bardoslogo_.png\",\"contentUrl\":\"https:\\\/\\\/bardos.hu\\\/wp-content\\\/uploads\\\/bardoslogo_.png\",\"width\":605,\"height\":336,\"caption\":\"Dr. B\u00e1rdos P\u00e9ter \u00dcgyv\u00e9di Iroda\"},\"image\":{\"@id\":\"https:\\\/\\\/bardos.hu\\\/#\\\/schema\\\/logo\\\/image\\\/\"}}]}<\/script>\n<!-- \/ Yoast SEO plugin. -->","yoast_head_json":{"title":"Publik\u00e1ci\u00f3k - Dr. B\u00e1rdos \u00e9s B\u00e1rdos \u00dcgyv\u00e9di Iroda","robots":{"index":"index","follow":"follow","max-snippet":"max-snippet:-1","max-image-preview":"max-image-preview:large","max-video-preview":"max-video-preview:-1"},"canonical":"https:\/\/bardos.hu\/en\/publikaciok\/","og_locale":"en_GB","og_type":"article","og_title":"Publik\u00e1ci\u00f3k - Dr. B\u00e1rdos \u00e9s B\u00e1rdos \u00dcgyv\u00e9di Iroda","og_description":"Publik\u00e1ci\u00f3kDr. B\u00e1rdos \u00e9s B\u00e1rdos \u00dcgyv\u00e9di IrodaK\u00f6nyvek Bevezet\u00e9s a jogi kibernetik\u00e1ba (t\u00e1rsszerz\u0151: dr.B\u00e1rdos P\u00e9tern\u00e9 - K\u00f6zgazdas\u00e1gi \u00e9s Jogi K\u00f6nyvkiad\u00f3 1981.) Angol-amerikai jogi nyelv (t\u00e1rsszerz\u0151k: Mag.Franz Heidinger, Andrea Hubalek HVG-ORAC 1996.) Angol-amerikai jogi nyelv. M\u00e1sodik \u00e1tdolgozott \u00e9s b\u0151v\u00edtett kiad\u00e1s (t\u00e1rsszerz\u0151k: dr.B\u00e1rdos Rita, Mag.Franz Heidinger, Andrea Hubalek HVG-ORAC 1998.) K\u00e1rfelel\u0151ss\u00e9g a Ptk. rendszer\u00e9ben (HVG-ORAC 2001.) C\u00e9galap\u00edt\u00e1s, befektet\u00e9s az [&hellip;]","og_url":"https:\/\/bardos.hu\/en\/publikaciok\/","og_site_name":"Dr. B\u00e1rdos \u00e9s B\u00e1rdos \u00dcgyv\u00e9di Iroda","article_modified_time":"2026-04-13T14:45:48+00:00","og_image":[{"width":1200,"height":675,"url":"https:\/\/bardos.hu\/wp-content\/uploads\/drbardoswebsite.webp","type":"image\/webp"}],"twitter_card":"summary_large_image","twitter_misc":{"Estimated reading time":"6 minutes"},"schema":{"@context":"https:\/\/schema.org","@graph":[{"@type":"WebPage","@id":"https:\/\/bardos.hu\/publikaciok\/","url":"https:\/\/bardos.hu\/publikaciok\/","name":"Publik\u00e1ci\u00f3k - Dr. B\u00e1rdos \u00e9s B\u00e1rdos \u00dcgyv\u00e9di Iroda","isPartOf":{"@id":"https:\/\/bardos.hu\/#website"},"datePublished":"2023-11-23T15:37:43+00:00","dateModified":"2026-04-13T14:45:48+00:00","breadcrumb":{"@id":"https:\/\/bardos.hu\/publikaciok\/#breadcrumb"},"inLanguage":"en-GB","potentialAction":[{"@type":"ReadAction","target":["https:\/\/bardos.hu\/publikaciok\/"]}]},{"@type":"BreadcrumbList","@id":"https:\/\/bardos.hu\/publikaciok\/#breadcrumb","itemListElement":[{"@type":"ListItem","position":1,"name":"Kezd\u0151lap","item":"https:\/\/bardos.hu\/"},{"@type":"ListItem","position":2,"name":"Publik\u00e1ci\u00f3k"}]},{"@type":"WebSite","@id":"https:\/\/bardos.hu\/#website","url":"https:\/\/bardos.hu\/","name":"Dr. B\u00e1rdos \u00e9s B\u00e1rdos \u00dcgyv\u00e9di Iroda","description":"Az iroda tev\u00e9kenys\u00e9ge a polg\u00e1ri jog \u00e9s a kereskedelmi jog teljes ter\u00fclet\u00e9t \u00e1tfogja.","publisher":{"@id":"https:\/\/bardos.hu\/#organization"},"potentialAction":[{"@type":"SearchAction","target":{"@type":"EntryPoint","urlTemplate":"https:\/\/bardos.hu\/?s={search_term_string}"},"query-input":{"@type":"PropertyValueSpecification","valueRequired":true,"valueName":"search_term_string"}}],"inLanguage":"en-GB"},{"@type":"Organization","@id":"https:\/\/bardos.hu\/#organization","name":"Dr. P\u00e9ter B\u00e1rdos Law Office","url":"https:\/\/bardos.hu\/","logo":{"@type":"ImageObject","inLanguage":"en-GB","@id":"https:\/\/bardos.hu\/#\/schema\/logo\/image\/","url":"https:\/\/bardos.hu\/wp-content\/uploads\/bardoslogo_.png","contentUrl":"https:\/\/bardos.hu\/wp-content\/uploads\/bardoslogo_.png","width":605,"height":336,"caption":"Dr. B\u00e1rdos P\u00e9ter \u00dcgyv\u00e9di Iroda"},"image":{"@id":"https:\/\/bardos.hu\/#\/schema\/logo\/image\/"}}]}},"_links":{"self":[{"href":"https:\/\/bardos.hu\/en\/wp-json\/wp\/v2\/pages\/95","targetHints":{"allow":["GET"]}}],"collection":[{"href":"https:\/\/bardos.hu\/en\/wp-json\/wp\/v2\/pages"}],"about":[{"href":"https:\/\/bardos.hu\/en\/wp-json\/wp\/v2\/types\/page"}],"author":[{"embeddable":true,"href":"https:\/\/bardos.hu\/en\/wp-json\/wp\/v2\/users\/1"}],"replies":[{"embeddable":true,"href":"https:\/\/bardos.hu\/en\/wp-json\/wp\/v2\/comments?post=95"}],"version-history":[{"count":14,"href":"https:\/\/bardos.hu\/en\/wp-json\/wp\/v2\/pages\/95\/revisions"}],"predecessor-version":[{"id":611,"href":"https:\/\/bardos.hu\/en\/wp-json\/wp\/v2\/pages\/95\/revisions\/611"}],"wp:attachment":[{"href":"https:\/\/bardos.hu\/en\/wp-json\/wp\/v2\/media?parent=95"}],"curies":[{"name":"wp","href":"https:\/\/api.w.org\/{rel}","templated":true}]}}